{"id":515,"date":"2018-11-14T19:24:48","date_gmt":"2018-11-14T18:24:48","guid":{"rendered":"http:\/\/wisniewski.legal\/?page_id=515"},"modified":"2025-11-19T11:51:25","modified_gmt":"2025-11-19T10:51:25","slug":"kontakt","status":"publish","type":"page","link":"https:\/\/wisniewski.legal\/pl\/kontakt\/","title":{"rendered":"Kontakt"},"content":{"rendered":"<h3>Kontakt i Adres<\/h3>\n<div id=\"attachment_764\" style=\"width: 419px\" class=\"wp-caption alignnone\"><img aria-describedby=\"caption-attachment-764\" loading=\"lazy\" class=\"wp-image-764 size-full\" src=\"http:\/\/wisniewski.legal\/wp-content\/uploads\/2019\/09\/office-lumen-zlote-tarasy-1.jpeg\" alt=\"\" width=\"409\" height=\"256\" srcset=\"https:\/\/wisniewski.legal\/wp-content\/uploads\/2019\/09\/office-lumen-zlote-tarasy-1.jpeg 409w, https:\/\/wisniewski.legal\/wp-content\/uploads\/2019\/09\/office-lumen-zlote-tarasy-1-300x188.jpeg 300w\" sizes=\"(max-width: 409px) 100vw, 409px\" \/><p id=\"caption-attachment-764\" class=\"wp-caption-text\">Nasze biuro mie\u015bci si\u0119 w centrum Warszawy w biurowcu Lumen Offices Emilii Plater &#8211; tj. drugim budynku od lewej na zdj\u0119ciu.<\/p><\/div>\n<h3>#WI\u015aNIEWSKI.legal<\/h3>\n<p>Kancelaria Radcy Prawnego Jacek Wi\u015bniewski Doradca Podatkowy<\/p>\n<p>Lumen Offices Emilii Plater<\/p>\n<p>Ul. Z\u0142ota 59, 00-120 Warszawa<\/p>\n<p>Polska<\/p>\n<p>Telefon: +48 22\u00a0378 44 44<\/p>\n<p>Telefon kom\u00f3rkowy: +48 459 115 971<\/p>\n<p>e-mail: <a href=\"mailto:hello@wisniewski.legal\">hello@wisniewski.legal<\/a><\/p>\n<p><a href=\"http:\/\/wisniewski.legal\/pl\">www.wisniewski.legal<\/a><\/p>\n","protected":false},"excerpt":{"rendered":"<p>Kontakt i Adres #WI\u015aNIEWSKI.legal Kancelaria Radcy Prawnego Jacek Wi\u015bniewski Doradca Podatkowy Lumen Offices Emilii Plater Ul. Z\u0142ota 59, 00-120 Warszawa Polska Telefon: +48 22\u00a0378 44 44 Telefon kom\u00f3rkowy: +48 459 115 971 e-mail: hello@wisniewski.legal www.wisniewski.legal<\/p>\n","protected":false},"author":1,"featured_media":0,"parent":0,"menu_order":0,"comment_status":"open","ping_status":"closed","template":"","meta":{"_mi_skip_tracking":false},"yoast_head":"<!-- This site is optimized with the Yoast SEO plugin v18.3 - https:\/\/yoast.com\/wordpress\/plugins\/seo\/ -->\n<title>Kontakt - #Wi\u015bniewski.legal<\/title>\n<meta name=\"robots\" content=\"index, follow, max-snippet:-1, max-image-preview:large, max-video-preview:-1\" \/>\n<link rel=\"canonical\" href=\"https:\/\/wisniewski.legal\/pl\/kontakt\/\" \/>\n<meta property=\"og:locale\" content=\"pl_PL\" \/>\n<meta property=\"og:type\" content=\"article\" \/>\n<meta property=\"og:title\" content=\"Kontakt - #Wi\u015bniewski.legal\" \/>\n<meta property=\"og:description\" content=\"Kontakt i Adres #WI\u015aNIEWSKI.legal Kancelaria Radcy Prawnego Jacek Wi\u015bniewski Doradca Podatkowy Lumen Offices Emilii Plater Ul. Z\u0142ota 59, 00-120 Warszawa Polska Telefon: +48 22\u00a0378 44 44 Telefon kom\u00f3rkowy: +48 459 115 971 e-mail: hello@wisniewski.legal www.wisniewski.legal\" \/>\n<meta property=\"og:url\" content=\"https:\/\/wisniewski.legal\/pl\/kontakt\/\" \/>\n<meta property=\"og:site_name\" content=\"#Wi\u015bniewski.legal\" \/>\n<meta property=\"article:modified_time\" content=\"2025-11-19T10:51:25+00:00\" \/>\n<meta property=\"og:image\" content=\"http:\/\/wisniewski.legal\/wp-content\/uploads\/2019\/09\/office-lumen-zlote-tarasy-1.jpeg\" \/>\n<meta name=\"twitter:card\" content=\"summary\" \/>\n<script type=\"application\/ld+json\" class=\"yoast-schema-graph\">{\"@context\":\"https:\/\/schema.org\",\"@graph\":[{\"@type\":\"WebSite\",\"@id\":\"http:\/\/wisniewski.legal\/#website\",\"url\":\"http:\/\/wisniewski.legal\/\",\"name\":\"#Wi\u015bniewski.legal\",\"description\":\"#LawForFuture\",\"potentialAction\":[{\"@type\":\"SearchAction\",\"target\":{\"@type\":\"EntryPoint\",\"urlTemplate\":\"http:\/\/wisniewski.legal\/?s={search_term_string}\"},\"query-input\":\"required name=search_term_string\"}],\"inLanguage\":\"pl-PL\"},{\"@type\":\"ImageObject\",\"@id\":\"https:\/\/wisniewski.legal\/pl\/kontakt\/#primaryimage\",\"inLanguage\":\"pl-PL\",\"url\":\"https:\/\/wisniewski.legal\/wp-content\/uploads\/2019\/09\/office-lumen-zlote-tarasy-1.jpeg\",\"contentUrl\":\"https:\/\/wisniewski.legal\/wp-content\/uploads\/2019\/09\/office-lumen-zlote-tarasy-1.jpeg\",\"width\":409,\"height\":256,\"caption\":\"Warsaw,Poland October 2016:Warsaw city with skyscrapers at night,modern city center of Warsaw\"},{\"@type\":\"WebPage\",\"@id\":\"https:\/\/wisniewski.legal\/pl\/kontakt\/#webpage\",\"url\":\"https:\/\/wisniewski.legal\/pl\/kontakt\/\",\"name\":\"Kontakt - #Wi\u015bniewski.legal\",\"isPartOf\":{\"@id\":\"http:\/\/wisniewski.legal\/#website\"},\"primaryImageOfPage\":{\"@id\":\"https:\/\/wisniewski.legal\/pl\/kontakt\/#primaryimage\"},\"datePublished\":\"2018-11-14T18:24:48+00:00\",\"dateModified\":\"2025-11-19T10:51:25+00:00\",\"breadcrumb\":{\"@id\":\"https:\/\/wisniewski.legal\/pl\/kontakt\/#breadcrumb\"},\"inLanguage\":\"pl-PL\",\"potentialAction\":[{\"@type\":\"ReadAction\",\"target\":[\"https:\/\/wisniewski.legal\/pl\/kontakt\/\"]}]},{\"@type\":\"BreadcrumbList\",\"@id\":\"https:\/\/wisniewski.legal\/pl\/kontakt\/#breadcrumb\",\"itemListElement\":[{\"@type\":\"ListItem\",\"position\":1,\"name\":\"Strona g\u0142\u00f3wna\",\"item\":\"https:\/\/wisniewski.legal\/pl\/\"},{\"@type\":\"ListItem\",\"position\":2,\"name\":\"Kontakt\"}]}]}<\/script>\n<!-- \/ Yoast SEO plugin. -->","yoast_head_json":{"title":"Kontakt - #Wi\u015bniewski.legal","robots":{"index":"index","follow":"follow","max-snippet":"max-snippet:-1","max-image-preview":"max-image-preview:large","max-video-preview":"max-video-preview:-1"},"canonical":"https:\/\/wisniewski.legal\/pl\/kontakt\/","og_locale":"pl_PL","og_type":"article","og_title":"Kontakt - #Wi\u015bniewski.legal","og_description":"Kontakt i Adres #WI\u015aNIEWSKI.legal Kancelaria Radcy Prawnego Jacek Wi\u015bniewski Doradca Podatkowy Lumen Offices Emilii Plater Ul. Z\u0142ota 59, 00-120 Warszawa Polska Telefon: +48 22\u00a0378 44 44 Telefon kom\u00f3rkowy: +48 459 115 971 e-mail: hello@wisniewski.legal www.wisniewski.legal","og_url":"https:\/\/wisniewski.legal\/pl\/kontakt\/","og_site_name":"#Wi\u015bniewski.legal","article_modified_time":"2025-11-19T10:51:25+00:00","og_image":[{"url":"http:\/\/wisniewski.legal\/wp-content\/uploads\/2019\/09\/office-lumen-zlote-tarasy-1.jpeg"}],"twitter_card":"summary","schema":{"@context":"https:\/\/schema.org","@graph":[{"@type":"WebSite","@id":"http:\/\/wisniewski.legal\/#website","url":"http:\/\/wisniewski.legal\/","name":"#Wi\u015bniewski.legal","description":"#LawForFuture","potentialAction":[{"@type":"SearchAction","target":{"@type":"EntryPoint","urlTemplate":"http:\/\/wisniewski.legal\/?s={search_term_string}"},"query-input":"required name=search_term_string"}],"inLanguage":"pl-PL"},{"@type":"ImageObject","@id":"https:\/\/wisniewski.legal\/pl\/kontakt\/#primaryimage","inLanguage":"pl-PL","url":"https:\/\/wisniewski.legal\/wp-content\/uploads\/2019\/09\/office-lumen-zlote-tarasy-1.jpeg","contentUrl":"https:\/\/wisniewski.legal\/wp-content\/uploads\/2019\/09\/office-lumen-zlote-tarasy-1.jpeg","width":409,"height":256,"caption":"Warsaw,Poland October 2016:Warsaw city with skyscrapers at night,modern city center of Warsaw"},{"@type":"WebPage","@id":"https:\/\/wisniewski.legal\/pl\/kontakt\/#webpage","url":"https:\/\/wisniewski.legal\/pl\/kontakt\/","name":"Kontakt - #Wi\u015bniewski.legal","isPartOf":{"@id":"http:\/\/wisniewski.legal\/#website"},"primaryImageOfPage":{"@id":"https:\/\/wisniewski.legal\/pl\/kontakt\/#primaryimage"},"datePublished":"2018-11-14T18:24:48+00:00","dateModified":"2025-11-19T10:51:25+00:00","breadcrumb":{"@id":"https:\/\/wisniewski.legal\/pl\/kontakt\/#breadcrumb"},"inLanguage":"pl-PL","potentialAction":[{"@type":"ReadAction","target":["https:\/\/wisniewski.legal\/pl\/kontakt\/"]}]},{"@type":"BreadcrumbList","@id":"https:\/\/wisniewski.legal\/pl\/kontakt\/#breadcrumb","itemListElement":[{"@type":"ListItem","position":1,"name":"Strona g\u0142\u00f3wna","item":"https:\/\/wisniewski.legal\/pl\/"},{"@type":"ListItem","position":2,"name":"Kontakt"}]}]}},"_links":{"self":[{"href":"https:\/\/wisniewski.legal\/pl\/wp-json\/wp\/v2\/pages\/515"}],"collection":[{"href":"https:\/\/wisniewski.legal\/pl\/wp-json\/wp\/v2\/pages"}],"about":[{"href":"https:\/\/wisniewski.legal\/pl\/wp-json\/wp\/v2\/types\/page"}],"author":[{"embeddable":true,"href":"https:\/\/wisniewski.legal\/pl\/wp-json\/wp\/v2\/users\/1"}],"replies":[{"embeddable":true,"href":"https:\/\/wisniewski.legal\/pl\/wp-json\/wp\/v2\/comments?post=515"}],"version-history":[{"count":20,"href":"https:\/\/wisniewski.legal\/pl\/wp-json\/wp\/v2\/pages\/515\/revisions"}],"predecessor-version":[{"id":1364,"href":"https:\/\/wisniewski.legal\/pl\/wp-json\/wp\/v2\/pages\/515\/revisions\/1364"}],"wp:attachment":[{"href":"https:\/\/wisniewski.legal\/pl\/wp-json\/wp\/v2\/media?parent=515"}],"curies":[{"name":"wp","href":"https:\/\/api.w.org\/{rel}","templated":true}]}}