{"id":123,"date":"2014-07-12T14:37:35","date_gmt":"2014-07-12T14:37:35","guid":{"rendered":"http:\/\/jacekwisniewski.pl\/?page_id=123"},"modified":"2020-02-07T12:35:41","modified_gmt":"2020-02-07T11:35:41","slug":"oferta","status":"publish","type":"page","link":"http:\/\/wisniewski.legal\/pl\/oferta\/","title":{"rendered":"Oferta"},"content":{"rendered":"<h3>Oferujemy pe\u0142ny zakres us\u0142ug prawnych i podatkowych\u00a0w j\u0119zyku polskim, angielskim i francuskim.<\/h3>\n<p>\u015awiadczymy kompleksowe <strong>us\u0142ugi prawne i podatkowe<\/strong>, w szczeg\u00f3lno\u015bci, w nast\u0119puj\u0105cych dziedzinach (w kolejno\u015bci alfabetycznej).<\/p>\n<ul>\n<li>AML \/ CFT<\/li>\n<li><strong>Bankowo\u015b\u0107 i finanse<\/strong><\/li>\n<li>Blockchain (DLT)<\/li>\n<li><strong>Consumer Finance<\/strong><\/li>\n<li><strong>Cyberbezpiecze\u0144stwo<\/strong><\/li>\n<li><strong>Cyfrowa ekonomia<\/strong><\/li>\n<li><strong>Digitalizacja w finansach<\/strong><\/li>\n<li><strong>Dystrybucja ubezpiecze\u0144 (IDD)<\/strong><\/li>\n<li><strong>E-commerce<\/strong><\/li>\n<li><strong>Ekonomia marketplace<\/strong><\/li>\n<li><strong>Faktoring<\/strong><\/li>\n<li>Finansowanie d\u0142u\u017cne, kredyty<\/li>\n<li><strong>FinTech<\/strong><\/li>\n<li><strong>Fuzje i przej\u0119cia (M&amp;A)<\/strong><\/li>\n<li><strong>InsurTech<\/strong><\/li>\n<li>IT<\/li>\n<li><strong>Kredyt konsumencki<\/strong><\/li>\n<li><strong>Leasing<\/strong><\/li>\n<li>Nieruchomo\u015bci<\/li>\n<li><strong>Obr\u00f3t wierzytelno\u015bciami<\/strong><\/li>\n<li><strong>Obs\u0142uga transakcji i finansowania Private Equity i Venture Capital<\/strong><\/li>\n<li><strong>Obligacje<\/strong><\/li>\n<li>Post\u0119powania s\u0105dowe i administracyjne<\/li>\n<li><strong>Prawo cywilne i handlowe<\/strong><\/li>\n<li><strong>Prawo ochrony danych osobowych<\/strong><\/li>\n<li>Prawo ochrony konkurencji i konsument\u00f3w<\/li>\n<li><strong>Prawo pracy<\/strong><\/li>\n<li><strong>Prawo sp\u00f3\u0142ek<\/strong><\/li>\n<li>Prawo upad\u0142o\u015bciowe<\/li>\n<li><strong>PSD2, zezwolenia AIS i PIS<\/strong><\/li>\n<li><strong>Regulacje dla instytucji po\u017cyczkowych<\/strong><\/li>\n<li><strong>Regulacje finansowe<\/strong><\/li>\n<li><strong>RODO<\/strong><\/li>\n<li><strong>Sekurytyzacja<\/strong><\/li>\n<li><strong>Tech<\/strong><\/li>\n<li><strong>Technologia<\/strong><\/li>\n<li>Ubezpieczenia<\/li>\n<li><strong>Umowy inwestycyjne<\/strong><\/li>\n<li><strong>Us\u0142ugi finansowe<\/strong><\/li>\n<li><strong>Us\u0142ugi p\u0142atnicze<\/strong><\/li>\n<\/ul>\n","protected":false},"excerpt":{"rendered":"<p>Oferujemy pe\u0142ny zakres us\u0142ug prawnych i podatkowych\u00a0w j\u0119zyku polskim, angielskim i francuskim. \u015awiadczymy kompleksowe us\u0142ugi prawne i podatkowe, w szczeg\u00f3lno\u015bci, w nast\u0119puj\u0105cych dziedzinach (w kolejno\u015bci alfabetycznej). AML \/ CFT Bankowo\u015b\u0107 i finanse Blockchain (DLT) Consumer Finance Cyberbezpiecze\u0144stwo Cyfrowa ekonomia Digitalizacja w finansach Dystrybucja ubezpiecze\u0144 (IDD) E-commerce Ekonomia marketplace Faktoring Finansowanie d\u0142u\u017cne, kredyty FinTech Fuzje i [&hellip;]<\/p>\n","protected":false},"author":1,"featured_media":0,"parent":0,"menu_order":0,"comment_status":"open","ping_status":"closed","template":"","meta":{"_mi_skip_tracking":false},"yoast_head":"<!-- This site is optimized with the Yoast SEO plugin v18.3 - https:\/\/yoast.com\/wordpress\/plugins\/seo\/ -->\n<title>Oferta - #Wi\u015bniewski.legal<\/title>\n<meta name=\"robots\" content=\"index, follow, max-snippet:-1, max-image-preview:large, max-video-preview:-1\" \/>\n<link rel=\"canonical\" href=\"https:\/\/wisniewski.legal\/pl\/oferta\/\" \/>\n<meta property=\"og:locale\" content=\"pl_PL\" \/>\n<meta property=\"og:type\" content=\"article\" \/>\n<meta property=\"og:title\" content=\"Oferta - #Wi\u015bniewski.legal\" \/>\n<meta property=\"og:description\" content=\"Oferujemy pe\u0142ny zakres us\u0142ug prawnych i podatkowych\u00a0w j\u0119zyku polskim, angielskim i francuskim. \u015awiadczymy kompleksowe us\u0142ugi prawne i podatkowe, w szczeg\u00f3lno\u015bci, w nast\u0119puj\u0105cych dziedzinach (w kolejno\u015bci alfabetycznej). AML \/ CFT Bankowo\u015b\u0107 i finanse Blockchain (DLT) Consumer Finance Cyberbezpiecze\u0144stwo Cyfrowa ekonomia Digitalizacja w finansach Dystrybucja ubezpiecze\u0144 (IDD) E-commerce Ekonomia marketplace Faktoring Finansowanie d\u0142u\u017cne, kredyty FinTech Fuzje i [&hellip;]\" \/>\n<meta property=\"og:url\" content=\"https:\/\/wisniewski.legal\/pl\/oferta\/\" \/>\n<meta property=\"og:site_name\" content=\"#Wi\u015bniewski.legal\" \/>\n<meta property=\"article:modified_time\" content=\"2020-02-07T11:35:41+00:00\" \/>\n<meta name=\"twitter:card\" content=\"summary\" \/>\n<meta name=\"twitter:label1\" content=\"Szacowany czas czytania\" \/>\n\t<meta name=\"twitter:data1\" content=\"1 minuta\" \/>\n<script type=\"application\/ld+json\" class=\"yoast-schema-graph\">{\"@context\":\"https:\/\/schema.org\",\"@graph\":[{\"@type\":\"WebSite\",\"@id\":\"http:\/\/wisniewski.legal\/pl\/#website\",\"url\":\"http:\/\/wisniewski.legal\/pl\/\",\"name\":\"#Wi\u015bniewski.legal\",\"description\":\"#LawForFuture\",\"potentialAction\":[{\"@type\":\"SearchAction\",\"target\":{\"@type\":\"EntryPoint\",\"urlTemplate\":\"http:\/\/wisniewski.legal\/pl\/?s={search_term_string}\"},\"query-input\":\"required name=search_term_string\"}],\"inLanguage\":\"pl-PL\"},{\"@type\":\"WebPage\",\"@id\":\"https:\/\/wisniewski.legal\/pl\/oferta\/#webpage\",\"url\":\"https:\/\/wisniewski.legal\/pl\/oferta\/\",\"name\":\"Oferta - #Wi\u015bniewski.legal\",\"isPartOf\":{\"@id\":\"http:\/\/wisniewski.legal\/pl\/#website\"},\"datePublished\":\"2014-07-12T14:37:35+00:00\",\"dateModified\":\"2020-02-07T11:35:41+00:00\",\"breadcrumb\":{\"@id\":\"https:\/\/wisniewski.legal\/pl\/oferta\/#breadcrumb\"},\"inLanguage\":\"pl-PL\",\"potentialAction\":[{\"@type\":\"ReadAction\",\"target\":[\"https:\/\/wisniewski.legal\/pl\/oferta\/\"]}]},{\"@type\":\"BreadcrumbList\",\"@id\":\"https:\/\/wisniewski.legal\/pl\/oferta\/#breadcrumb\",\"itemListElement\":[{\"@type\":\"ListItem\",\"position\":1,\"name\":\"Strona g\u0142\u00f3wna\",\"item\":\"http:\/\/wisniewski.legal\/pl\/\"},{\"@type\":\"ListItem\",\"position\":2,\"name\":\"Oferta\"}]}]}<\/script>\n<!-- \/ Yoast SEO plugin. -->","yoast_head_json":{"title":"Oferta - #Wi\u015bniewski.legal","robots":{"index":"index","follow":"follow","max-snippet":"max-snippet:-1","max-image-preview":"max-image-preview:large","max-video-preview":"max-video-preview:-1"},"canonical":"https:\/\/wisniewski.legal\/pl\/oferta\/","og_locale":"pl_PL","og_type":"article","og_title":"Oferta - #Wi\u015bniewski.legal","og_description":"Oferujemy pe\u0142ny zakres us\u0142ug prawnych i podatkowych\u00a0w j\u0119zyku polskim, angielskim i francuskim. \u015awiadczymy kompleksowe us\u0142ugi prawne i podatkowe, w szczeg\u00f3lno\u015bci, w nast\u0119puj\u0105cych dziedzinach (w kolejno\u015bci alfabetycznej). AML \/ CFT Bankowo\u015b\u0107 i finanse Blockchain (DLT) Consumer Finance Cyberbezpiecze\u0144stwo Cyfrowa ekonomia Digitalizacja w finansach Dystrybucja ubezpiecze\u0144 (IDD) E-commerce Ekonomia marketplace Faktoring Finansowanie d\u0142u\u017cne, kredyty FinTech Fuzje i [&hellip;]","og_url":"https:\/\/wisniewski.legal\/pl\/oferta\/","og_site_name":"#Wi\u015bniewski.legal","article_modified_time":"2020-02-07T11:35:41+00:00","twitter_card":"summary","twitter_misc":{"Szacowany czas czytania":"1 minuta"},"schema":{"@context":"https:\/\/schema.org","@graph":[{"@type":"WebSite","@id":"http:\/\/wisniewski.legal\/pl\/#website","url":"http:\/\/wisniewski.legal\/pl\/","name":"#Wi\u015bniewski.legal","description":"#LawForFuture","potentialAction":[{"@type":"SearchAction","target":{"@type":"EntryPoint","urlTemplate":"http:\/\/wisniewski.legal\/pl\/?s={search_term_string}"},"query-input":"required name=search_term_string"}],"inLanguage":"pl-PL"},{"@type":"WebPage","@id":"https:\/\/wisniewski.legal\/pl\/oferta\/#webpage","url":"https:\/\/wisniewski.legal\/pl\/oferta\/","name":"Oferta - #Wi\u015bniewski.legal","isPartOf":{"@id":"http:\/\/wisniewski.legal\/pl\/#website"},"datePublished":"2014-07-12T14:37:35+00:00","dateModified":"2020-02-07T11:35:41+00:00","breadcrumb":{"@id":"https:\/\/wisniewski.legal\/pl\/oferta\/#breadcrumb"},"inLanguage":"pl-PL","potentialAction":[{"@type":"ReadAction","target":["https:\/\/wisniewski.legal\/pl\/oferta\/"]}]},{"@type":"BreadcrumbList","@id":"https:\/\/wisniewski.legal\/pl\/oferta\/#breadcrumb","itemListElement":[{"@type":"ListItem","position":1,"name":"Strona g\u0142\u00f3wna","item":"http:\/\/wisniewski.legal\/pl\/"},{"@type":"ListItem","position":2,"name":"Oferta"}]}]}},"_links":{"self":[{"href":"http:\/\/wisniewski.legal\/pl\/wp-json\/wp\/v2\/pages\/123"}],"collection":[{"href":"http:\/\/wisniewski.legal\/pl\/wp-json\/wp\/v2\/pages"}],"about":[{"href":"http:\/\/wisniewski.legal\/pl\/wp-json\/wp\/v2\/types\/page"}],"author":[{"embeddable":true,"href":"http:\/\/wisniewski.legal\/pl\/wp-json\/wp\/v2\/users\/1"}],"replies":[{"embeddable":true,"href":"http:\/\/wisniewski.legal\/pl\/wp-json\/wp\/v2\/comments?post=123"}],"version-history":[{"count":19,"href":"http:\/\/wisniewski.legal\/pl\/wp-json\/wp\/v2\/pages\/123\/revisions"}],"predecessor-version":[{"id":823,"href":"http:\/\/wisniewski.legal\/pl\/wp-json\/wp\/v2\/pages\/123\/revisions\/823"}],"wp:attachment":[{"href":"http:\/\/wisniewski.legal\/pl\/wp-json\/wp\/v2\/media?parent=123"}],"curies":[{"name":"wp","href":"https:\/\/api.w.org\/{rel}","templated":true}]}}